{"id":476,"date":"2026-01-19T07:46:46","date_gmt":"2026-01-19T07:46:46","guid":{"rendered":"https:\/\/laspenasceuta.es\/?page_id=476"},"modified":"2026-01-19T07:50:54","modified_gmt":"2026-01-19T07:50:54","slug":"sagrados-titulares","status":"publish","type":"page","link":"https:\/\/laspenasceuta.es\/?page_id=476","title":{"rendered":"Sagrados Titulares"},"content":{"rendered":"\t\t<div data-elementor-type=\"wp-page\" data-elementor-id=\"476\" class=\"elementor elementor-476\" data-elementor-post-type=\"page\">\n\t\t\t\t<div class=\"elementor-element elementor-element-19d0f75 e-con-full e-flex e-con e-parent\" data-id=\"19d0f75\" data-element_type=\"container\" data-e-type=\"container\">\n\t\t\t\t<div class=\"elementor-element elementor-element-34c1342 elementor-widget elementor-widget-heading\" data-id=\"34c1342\" data-element_type=\"widget\" data-e-type=\"widget\" data-widget_type=\"heading.default\">\n\t\t\t\t<div class=\"elementor-widget-container\">\n\t\t\t\t\t<h2 class=\"elementor-heading-title elementor-size-default\">Sagrados Titulares<\/h2>\t\t\t\t<\/div>\n\t\t\t\t<\/div>\n\t\t\t\t<div class=\"elementor-element elementor-element-37b3ce3 elementor-widget elementor-widget-text-editor\" data-id=\"37b3ce3\" data-element_type=\"widget\" data-e-type=\"widget\" data-widget_type=\"text-editor.default\">\n\t\t\t\t<div class=\"elementor-widget-container\">\n\t\t\t\t\t\t\t\t\t<p>Los\u00a0<strong>Sagrados Titulares\u00a0<\/strong>constituyen el eje fundamental de la vida espiritual de la Hermandad. En torno a Ellos se articula la devoci\u00f3n de los hermanos, la celebraci\u00f3n de los cultos y la misi\u00f3n evangelizadora que la corporaci\u00f3n desarrolla a lo largo del a\u00f1o.<\/p><p>El\u00a0<strong>Sant\u00edsimo Cristo de la Humildad y Paciencia y Nuestra Se\u00f1ora de las Penas<\/strong> son los referentes de la Hermandad, invitando a la contemplaci\u00f3n del misterio de Cristo y\u00a0 al acompa\u00f1amiento doloroso de Mar\u00eda Sant\u00edsima.<\/p><p>En este apartado se ofrece una aproximaci\u00f3n a cada uno de los Titulares, profundizando en su significado devocional y en la relaci\u00f3n que mantienen con la historia y la vida de la Hermandad.<\/p>\t\t\t\t\t\t\t\t<\/div>\n\t\t\t\t<\/div>\n\t\t\t\t<\/div>\n\t\t\t\t<\/div>\n\t\t","protected":false},"excerpt":{"rendered":"<p>Sagrados Titulares Los\u00a0Sagrados Titulares\u00a0constituyen el eje fundamental de la vida espiritual de la Hermandad. En torno a Ellos se articula [&hellip;]<\/p>\n","protected":false},"author":2,"featured_media":0,"parent":0,"menu_order":0,"comment_status":"closed","ping_status":"closed","template":"","meta":{"site-sidebar-layout":"no-sidebar","site-content-layout":"","ast-site-content-layout":"full-width-container","site-content-style":"default","site-sidebar-style":"default","ast-global-header-display":"","ast-banner-title-visibility":"","ast-main-header-display":"","ast-hfb-above-header-display":"","ast-hfb-below-header-display":"","ast-hfb-mobile-header-display":"","site-post-title":"disabled","ast-breadcrumbs-content":"","ast-featured-img":"disabled","footer-sml-layout":"","ast-disable-related-posts":"","theme-transparent-header-meta":"","adv-header-id-meta":"","stick-header-meta":"","header-above-stick-meta":"","header-main-stick-meta":"","header-below-stick-meta":"","astra-migrate-meta-layouts":"default","ast-page-background-enabled":"default","ast-page-background-meta":{"desktop":{"background-color":"var(--ast-global-color-4)","background-image":"","background-repeat":"repeat","background-position":"center center","background-size":"auto","background-attachment":"scroll","background-type":"","background-media":"","overlay-type":"","overlay-color":"","overlay-opacity":"","overlay-gradient":""},"tablet":{"background-color":"","background-image":"","background-repeat":"repeat","background-position":"center center","background-size":"auto","background-attachment":"scroll","background-type":"","background-media":"","overlay-type":"","overlay-color":"","overlay-opacity":"","overlay-gradient":""},"mobile":{"background-color":"","background-image":"","background-repeat":"repeat","background-position":"center center","background-size":"auto","background-attachment":"scroll","background-type":"","background-media":"","overlay-type":"","overlay-color":"","overlay-opacity":"","overlay-gradient":""}},"ast-content-background-meta":{"desktop":{"background-color":"var(--ast-global-color-5)","background-image":"","background-repeat":"repeat","background-position":"center center","background-size":"auto","background-attachment":"scroll","background-type":"","background-media":"","overlay-type":"","overlay-color":"","overlay-opacity":"","overlay-gradient":""},"tablet":{"background-color":"var(--ast-global-color-5)","background-image":"","background-repeat":"repeat","background-position":"center center","background-size":"auto","background-attachment":"scroll","background-type":"","background-media":"","overlay-type":"","overlay-color":"","overlay-opacity":"","overlay-gradient":""},"mobile":{"background-color":"var(--ast-global-color-5)","background-image":"","background-repeat":"repeat","background-position":"center center","background-size":"auto","background-attachment":"scroll","background-type":"","background-media":"","overlay-type":"","overlay-color":"","overlay-opacity":"","overlay-gradient":""}},"footnotes":""},"class_list":["post-476","page","type-page","status-publish","hentry"],"jetpack_sharing_enabled":true,"_links":{"self":[{"href":"https:\/\/laspenasceuta.es\/index.php?rest_route=\/wp\/v2\/pages\/476","targetHints":{"allow":["GET"]}}],"collection":[{"href":"https:\/\/laspenasceuta.es\/index.php?rest_route=\/wp\/v2\/pages"}],"about":[{"href":"https:\/\/laspenasceuta.es\/index.php?rest_route=\/wp\/v2\/types\/page"}],"author":[{"embeddable":true,"href":"https:\/\/laspenasceuta.es\/index.php?rest_route=\/wp\/v2\/users\/2"}],"replies":[{"embeddable":true,"href":"https:\/\/laspenasceuta.es\/index.php?rest_route=%2Fwp%2Fv2%2Fcomments&post=476"}],"version-history":[{"count":4,"href":"https:\/\/laspenasceuta.es\/index.php?rest_route=\/wp\/v2\/pages\/476\/revisions"}],"predecessor-version":[{"id":481,"href":"https:\/\/laspenasceuta.es\/index.php?rest_route=\/wp\/v2\/pages\/476\/revisions\/481"}],"wp:attachment":[{"href":"https:\/\/laspenasceuta.es\/index.php?rest_route=%2Fwp%2Fv2%2Fmedia&parent=476"}],"curies":[{"name":"wp","href":"https:\/\/api.w.org\/{rel}","templated":true}]}}