{"id":464,"date":"2026-01-19T07:17:31","date_gmt":"2026-01-19T07:17:31","guid":{"rendered":"https:\/\/laspenasceuta.es\/?page_id=464"},"modified":"2026-01-19T07:51:31","modified_gmt":"2026-01-19T07:51:31","slug":"heraldica","status":"publish","type":"page","link":"https:\/\/laspenasceuta.es\/?page_id=464","title":{"rendered":"Her\u00e1ldica"},"content":{"rendered":"\t\t<div data-elementor-type=\"wp-page\" data-elementor-id=\"464\" class=\"elementor elementor-464\" data-elementor-post-type=\"page\">\n\t\t\t\t<div class=\"elementor-element elementor-element-f5624c3 e-con-full e-flex e-con e-parent\" data-id=\"f5624c3\" data-element_type=\"container\" data-e-type=\"container\">\n\t\t\t\t<div class=\"elementor-element elementor-element-9b444c3 elementor-widget elementor-widget-heading\" data-id=\"9b444c3\" data-element_type=\"widget\" data-e-type=\"widget\" data-widget_type=\"heading.default\">\n\t\t\t\t<div class=\"elementor-widget-container\">\n\t\t\t\t\t<h2 class=\"elementor-heading-title elementor-size-default\">Her\u00e1ldica<\/h2>\t\t\t\t<\/div>\n\t\t\t\t<\/div>\n\t\t\t\t<div class=\"elementor-element elementor-element-31141e4 elementor-widget__width-inherit elementor-widget elementor-widget-image\" data-id=\"31141e4\" data-element_type=\"widget\" data-e-type=\"widget\" data-widget_type=\"image.default\">\n\t\t\t\t<div class=\"elementor-widget-container\">\n\t\t\t\t\t\t\t\t\t\t\t\t\t\t\t<img fetchpriority=\"high\" decoding=\"async\" width=\"512\" height=\"512\" src=\"https:\/\/laspenasceuta.es\/wp-content\/uploads\/2026\/01\/cropped-Escudo-Hermandad.png\" class=\"attachment-large size-large wp-image-253\" alt=\"\" srcset=\"https:\/\/laspenasceuta.es\/wp-content\/uploads\/2026\/01\/cropped-Escudo-Hermandad.png 512w, https:\/\/laspenasceuta.es\/wp-content\/uploads\/2026\/01\/cropped-Escudo-Hermandad-300x300.png 300w, https:\/\/laspenasceuta.es\/wp-content\/uploads\/2026\/01\/cropped-Escudo-Hermandad-150x150.png 150w, https:\/\/laspenasceuta.es\/wp-content\/uploads\/2026\/01\/cropped-Escudo-Hermandad-270x270.png 270w, https:\/\/laspenasceuta.es\/wp-content\/uploads\/2026\/01\/cropped-Escudo-Hermandad-192x192.png 192w, https:\/\/laspenasceuta.es\/wp-content\/uploads\/2026\/01\/cropped-Escudo-Hermandad-180x180.png 180w, https:\/\/laspenasceuta.es\/wp-content\/uploads\/2026\/01\/cropped-Escudo-Hermandad-32x32.png 32w\" sizes=\"(max-width: 512px) 100vw, 512px\" \/>\t\t\t\t\t\t\t\t\t\t\t\t\t\t\t<\/div>\n\t\t\t\t<\/div>\n\t\t\t\t<div class=\"elementor-element elementor-element-c13d50d elementor-widget elementor-widget-text-editor\" data-id=\"c13d50d\" data-element_type=\"widget\" data-e-type=\"widget\" data-widget_type=\"text-editor.default\">\n\t\t\t\t<div class=\"elementor-widget-container\">\n\t\t\t\t\t\t\t\t\t<p>El escudo de la Hermandad, descrito en la <strong>Regla 2\u00aa<\/strong>, recoge en su composici\u00f3n los principales s\u00edmbolos que definen su identidad, espiritualidad y vinculaci\u00f3n hist\u00f3rica.<\/p><p>El emblema est\u00e1 formado por una <strong>corona de espinas de oro<\/strong>, que rodea el conjunto, acompa\u00f1ada en\u00a0<em>souter<\/em> por una <strong>ca\u00f1a<\/strong>, situada en el lado siniestro, y un <strong>b\u00e1culo pastoral<\/strong>, al lado diestro. En el centro del escudo figura una <strong>mitra de plata<\/strong>, forrada en gules.<\/p>\t\t\t\t\t\t\t\t<\/div>\n\t\t\t\t<\/div>\n\t\t\t\t<div class=\"elementor-element elementor-element-cdf18dd elementor-widget elementor-widget-heading\" data-id=\"cdf18dd\" data-element_type=\"widget\" data-e-type=\"widget\" data-widget_type=\"heading.default\">\n\t\t\t\t<div class=\"elementor-widget-container\">\n\t\t\t\t\t<h3 class=\"elementor-heading-title elementor-size-default\">Significado de los elementos<\/h3>\t\t\t\t<\/div>\n\t\t\t\t<\/div>\n\t\t\t\t<\/div>\n\t\t<div class=\"elementor-element elementor-element-292ac21 e-con-full e-flex e-con e-parent\" data-id=\"292ac21\" data-element_type=\"container\" data-e-type=\"container\">\n\t\t\t\t<div class=\"elementor-element elementor-element-b1e5cae elementor-widget elementor-widget-text-editor\" data-id=\"b1e5cae\" data-element_type=\"widget\" data-e-type=\"widget\" data-widget_type=\"text-editor.default\">\n\t\t\t\t<div class=\"elementor-widget-container\">\n\t\t\t\t\t\t\t\t\t<ul><li><strong>Corona de espinas<\/strong><\/li><\/ul><p style=\"padding-left: 40px;\">Impuesta a Cristo como burla a la corona de los emperadores romanos, la corona de espinas se convierte en s\u00edmbolo inequ\u00edvoco de la Pasi\u00f3n y la Crucifixi\u00f3n del Se\u00f1or, recordando su sacrificio redentor.<\/p><ul><li><strong>Ca\u00f1a<\/strong><\/li><\/ul><p style=\"padding-left: 40px;\">Colocada por los romanos en manos de Jes\u00fas tras imponerle la corona de espinas, a modo de cetro, representa la mofa al proclamarlo Rey de los Jud\u00edos y refuerza el car\u00e1cter pasionista del escudo.<\/p><ul><li><strong>Mitra<\/strong> <strong>episcopal<\/strong><\/li><\/ul><p style=\"padding-left: 40px;\">La mitra, cuyo origen etimol\u00f3gico procede del lat\u00edn\u00a0<em>mitra<\/em> (\u00abcinta\u00bb), es el tocado propio de los obispos durante los oficios lit\u00fargicos y simboliza la dignidad episcopal.<\/p><ul><li><strong>B\u00e1culo<\/strong> <strong>pastoral<\/strong><\/li><\/ul><p style=\"padding-left: 40px;\">El b\u00e1culo es el cayado que portan los obispos como signo de su misi\u00f3n de pastor del pueblo de Dios, entreg\u00e1ndose en el momento de su consagraci\u00f3n.<\/p><p>La <strong>mitra<\/strong> y el <strong>b\u00e1culo<\/strong> <strong>pastoral<\/strong> aluden directamente a la relaci\u00f3n espiritual e hist\u00f3rica de la Hermandad con <strong>San Agust\u00edn de Hipona<\/strong>.<\/p>\t\t\t\t\t\t\t\t<\/div>\n\t\t\t\t<\/div>\n\t\t\t\t<\/div>\n\t\t\t\t<\/div>\n\t\t","protected":false},"excerpt":{"rendered":"<p>Her\u00e1ldica El escudo de la Hermandad, descrito en la Regla 2\u00aa, recoge en su composici\u00f3n los principales s\u00edmbolos que definen [&hellip;]<\/p>\n","protected":false},"author":2,"featured_media":0,"parent":0,"menu_order":0,"comment_status":"closed","ping_status":"closed","template":"","meta":{"site-sidebar-layout":"no-sidebar","site-content-layout":"","ast-site-content-layout":"full-width-container","site-content-style":"default","site-sidebar-style":"default","ast-global-header-display":"","ast-banner-title-visibility":"","ast-main-header-display":"","ast-hfb-above-header-display":"","ast-hfb-below-header-display":"","ast-hfb-mobile-header-display":"","site-post-title":"disabled","ast-breadcrumbs-content":"","ast-featured-img":"disabled","footer-sml-layout":"","ast-disable-related-posts":"","theme-transparent-header-meta":"","adv-header-id-meta":"","stick-header-meta":"","header-above-stick-meta":"","header-main-stick-meta":"","header-below-stick-meta":"","astra-migrate-meta-layouts":"default","ast-page-background-enabled":"default","ast-page-background-meta":{"desktop":{"background-color":"var(--ast-global-color-4)","background-image":"","background-repeat":"repeat","background-position":"center center","background-size":"auto","background-attachment":"scroll","background-type":"","background-media":"","overlay-type":"","overlay-color":"","overlay-opacity":"","overlay-gradient":""},"tablet":{"background-color":"","background-image":"","background-repeat":"repeat","background-position":"center center","background-size":"auto","background-attachment":"scroll","background-type":"","background-media":"","overlay-type":"","overlay-color":"","overlay-opacity":"","overlay-gradient":""},"mobile":{"background-color":"","background-image":"","background-repeat":"repeat","background-position":"center center","background-size":"auto","background-attachment":"scroll","background-type":"","background-media":"","overlay-type":"","overlay-color":"","overlay-opacity":"","overlay-gradient":""}},"ast-content-background-meta":{"desktop":{"background-color":"var(--ast-global-color-5)","background-image":"","background-repeat":"repeat","background-position":"center center","background-size":"auto","background-attachment":"scroll","background-type":"","background-media":"","overlay-type":"","overlay-color":"","overlay-opacity":"","overlay-gradient":""},"tablet":{"background-color":"var(--ast-global-color-5)","background-image":"","background-repeat":"repeat","background-position":"center center","background-size":"auto","background-attachment":"scroll","background-type":"","background-media":"","overlay-type":"","overlay-color":"","overlay-opacity":"","overlay-gradient":""},"mobile":{"background-color":"var(--ast-global-color-5)","background-image":"","background-repeat":"repeat","background-position":"center center","background-size":"auto","background-attachment":"scroll","background-type":"","background-media":"","overlay-type":"","overlay-color":"","overlay-opacity":"","overlay-gradient":""}},"footnotes":""},"class_list":["post-464","page","type-page","status-publish","hentry"],"jetpack_sharing_enabled":true,"_links":{"self":[{"href":"https:\/\/laspenasceuta.es\/index.php?rest_route=\/wp\/v2\/pages\/464","targetHints":{"allow":["GET"]}}],"collection":[{"href":"https:\/\/laspenasceuta.es\/index.php?rest_route=\/wp\/v2\/pages"}],"about":[{"href":"https:\/\/laspenasceuta.es\/index.php?rest_route=\/wp\/v2\/types\/page"}],"author":[{"embeddable":true,"href":"https:\/\/laspenasceuta.es\/index.php?rest_route=\/wp\/v2\/users\/2"}],"replies":[{"embeddable":true,"href":"https:\/\/laspenasceuta.es\/index.php?rest_route=%2Fwp%2Fv2%2Fcomments&post=464"}],"version-history":[{"count":7,"href":"https:\/\/laspenasceuta.es\/index.php?rest_route=\/wp\/v2\/pages\/464\/revisions"}],"predecessor-version":[{"id":484,"href":"https:\/\/laspenasceuta.es\/index.php?rest_route=\/wp\/v2\/pages\/464\/revisions\/484"}],"wp:attachment":[{"href":"https:\/\/laspenasceuta.es\/index.php?rest_route=%2Fwp%2Fv2%2Fmedia&parent=464"}],"curies":[{"name":"wp","href":"https:\/\/api.w.org\/{rel}","templated":true}]}}