{"id":341,"date":"2026-01-17T18:31:41","date_gmt":"2026-01-17T18:31:41","guid":{"rendered":"https:\/\/laspenasceuta.es\/?page_id=341"},"modified":"2026-01-19T10:42:10","modified_gmt":"2026-01-19T10:42:10","slug":"hermandad","status":"publish","type":"page","link":"https:\/\/laspenasceuta.es\/?page_id=341","title":{"rendered":"Hermandad"},"content":{"rendered":"\t\t<div data-elementor-type=\"wp-page\" data-elementor-id=\"341\" class=\"elementor elementor-341\" data-elementor-post-type=\"page\">\n\t\t\t\t<div class=\"elementor-element elementor-element-251dadb e-grid e-con-full e-con e-parent\" data-id=\"251dadb\" data-element_type=\"container\" data-e-type=\"container\">\n\t\t\t\t<div class=\"elementor-element elementor-element-2114a13 elementor-widget elementor-widget-heading\" data-id=\"2114a13\" data-element_type=\"widget\" data-e-type=\"widget\" data-widget_type=\"heading.default\">\n\t\t\t\t<div class=\"elementor-widget-container\">\n\t\t\t\t\t<h2 class=\"elementor-heading-title elementor-size-default\">Hermandad<\/h2>\t\t\t\t<\/div>\n\t\t\t\t<\/div>\n\t\t\t\t<\/div>\n\t\t<div class=\"elementor-element elementor-element-571b3d0 e-con-full e-flex e-con e-parent\" data-id=\"571b3d0\" data-element_type=\"container\" data-e-type=\"container\">\n\t\t\t\t<div class=\"elementor-element elementor-element-5994fb7 elementor-widget elementor-widget-text-editor\" data-id=\"5994fb7\" data-element_type=\"widget\" data-e-type=\"widget\" data-widget_type=\"text-editor.default\">\n\t\t\t\t<div class=\"elementor-widget-container\">\n\t\t\t\t\t\t\t\t\t<p>La <strong>Fervorosa y Agustiniana Hermandad de Penitencia y Cofrad\u00eda de Nazarenos del Sant\u00edsimo Cristo de la Humildad y Paciencia y Nuestra Se\u00f1ora de las Penas<\/strong> es una corporaci\u00f3n can\u00f3nica con sede en la <strong>Iglesia de San Francisco<\/strong>, profundamente arraigada en la vida religiosa, social y cultural dela ciudad de Ceuta.<\/p><p>Desde su fundaci\u00f3n en la <strong>d\u00e9cada de 1940<\/strong>, la Hermandad ha tenido como fin principal el culto p\u00fablico y privado a sus <strong>Sagrados Titulares<\/strong>, la realizaci\u00f3n de la <strong>Estaci\u00f3n de Penitencia<\/strong> en la tarde el <strong>Jueves Santo<\/strong>, as\u00ed como la vivencia y difusi\u00f3n de los valores cristianos a trav\u00e9s de la tradici\u00f3n cofrade, la formaci\u00f3n de sus hermanos y el compromiso con la Iglesia.<\/p><p>La corporaci\u00f3n hunde sus ra\u00edces en la devoci\u00f3n popular sugerida en torno al templo franciscano y mantiene, desde sus or\u00edgenes, una estrecha vinculaci\u00f3n con la <strong>Orden Agustiniana<\/strong>, custodios de la sede can\u00f3nica, as\u00ed como una hist\u00f3rica relaci\u00f3n con distintas instituciones de la ciudad.<\/p><p>A lo largo de su historia, la Hermandad he experimentado un constante crecimiento humano y patrimonial, adapt\u00e1ndose a los tiempos sin perder la esencia que le fue transmitida por sus fundadores, conservando un marcado car\u00e1cter penitencial y una firme identidad propia dentro de la <strong>Semana Santa<\/strong> ceut\u00ed.<\/p><p>En los distintos apartados que componen este espacio podr\u00e1 conocerse con mayor detalle la historia de la Hermandad, su estructura de gobierno, las <strong>Reglas<\/strong> que la rigen, as\u00ed como otros aspectos fundamentales que definen la vida y el d\u00eda a d\u00eda de esta corporaci\u00f3n.<\/p>\t\t\t\t\t\t\t\t<\/div>\n\t\t\t\t<\/div>\n\t\t\t\t<\/div>\n\t\t<div class=\"elementor-element elementor-element-3386b09 e-flex e-con-boxed e-con e-parent\" data-id=\"3386b09\" data-element_type=\"container\" data-e-type=\"container\">\n\t\t\t\t\t<div class=\"e-con-inner\">\n\t\t\t\t<div class=\"elementor-element elementor-element-9485cd4 elementor-widget elementor-widget-image\" data-id=\"9485cd4\" data-element_type=\"widget\" data-e-type=\"widget\" data-widget_type=\"image.default\">\n\t\t\t\t<div class=\"elementor-widget-container\">\n\t\t\t\t\t\t\t\t\t\t\t\t\t\t\t<img fetchpriority=\"high\" decoding=\"async\" width=\"960\" height=\"638\" src=\"https:\/\/laspenasceuta.es\/wp-content\/uploads\/2026\/01\/CRISTO-VIRGEN-CATEDRAL.jpg\" class=\"attachment-large size-large wp-image-346\" alt=\"\" srcset=\"https:\/\/laspenasceuta.es\/wp-content\/uploads\/2026\/01\/CRISTO-VIRGEN-CATEDRAL.jpg 960w, https:\/\/laspenasceuta.es\/wp-content\/uploads\/2026\/01\/CRISTO-VIRGEN-CATEDRAL-300x199.jpg 300w, https:\/\/laspenasceuta.es\/wp-content\/uploads\/2026\/01\/CRISTO-VIRGEN-CATEDRAL-768x510.jpg 768w\" sizes=\"(max-width: 960px) 100vw, 960px\" \/>\t\t\t\t\t\t\t\t\t\t\t\t\t\t\t<\/div>\n\t\t\t\t<\/div>\n\t\t\t\t\t<\/div>\n\t\t\t\t<\/div>\n\t\t\t\t<\/div>\n\t\t","protected":false},"excerpt":{"rendered":"<p>Hermandad La Fervorosa y Agustiniana Hermandad de Penitencia y Cofrad\u00eda de Nazarenos del Sant\u00edsimo Cristo de la Humildad y Paciencia [&hellip;]<\/p>\n","protected":false},"author":2,"featured_media":0,"parent":0,"menu_order":0,"comment_status":"closed","ping_status":"closed","template":"","meta":{"site-sidebar-layout":"no-sidebar","site-content-layout":"","ast-site-content-layout":"full-width-container","site-content-style":"default","site-sidebar-style":"default","ast-global-header-display":"","ast-banner-title-visibility":"","ast-main-header-display":"","ast-hfb-above-header-display":"","ast-hfb-below-header-display":"","ast-hfb-mobile-header-display":"","site-post-title":"disabled","ast-breadcrumbs-content":"","ast-featured-img":"disabled","footer-sml-layout":"","ast-disable-related-posts":"","theme-transparent-header-meta":"","adv-header-id-meta":"","stick-header-meta":"","header-above-stick-meta":"","header-main-stick-meta":"","header-below-stick-meta":"","astra-migrate-meta-layouts":"default","ast-page-background-enabled":"default","ast-page-background-meta":{"desktop":{"background-color":"var(--ast-global-color-4)","background-image":"","background-repeat":"repeat","background-position":"center center","background-size":"auto","background-attachment":"scroll","background-type":"","background-media":"","overlay-type":"","overlay-color":"","overlay-opacity":"","overlay-gradient":""},"tablet":{"background-color":"","background-image":"","background-repeat":"repeat","background-position":"center center","background-size":"auto","background-attachment":"scroll","background-type":"","background-media":"","overlay-type":"","overlay-color":"","overlay-opacity":"","overlay-gradient":""},"mobile":{"background-color":"","background-image":"","background-repeat":"repeat","background-position":"center center","background-size":"auto","background-attachment":"scroll","background-type":"","background-media":"","overlay-type":"","overlay-color":"","overlay-opacity":"","overlay-gradient":""}},"ast-content-background-meta":{"desktop":{"background-color":"var(--ast-global-color-5)","background-image":"","background-repeat":"repeat","background-position":"center center","background-size":"auto","background-attachment":"scroll","background-type":"","background-media":"","overlay-type":"","overlay-color":"","overlay-opacity":"","overlay-gradient":""},"tablet":{"background-color":"var(--ast-global-color-5)","background-image":"","background-repeat":"repeat","background-position":"center center","background-size":"auto","background-attachment":"scroll","background-type":"","background-media":"","overlay-type":"","overlay-color":"","overlay-opacity":"","overlay-gradient":""},"mobile":{"background-color":"var(--ast-global-color-5)","background-image":"","background-repeat":"repeat","background-position":"center center","background-size":"auto","background-attachment":"scroll","background-type":"","background-media":"","overlay-type":"","overlay-color":"","overlay-opacity":"","overlay-gradient":""}},"footnotes":""},"class_list":["post-341","page","type-page","status-publish","hentry"],"jetpack_sharing_enabled":true,"_links":{"self":[{"href":"https:\/\/laspenasceuta.es\/index.php?rest_route=\/wp\/v2\/pages\/341","targetHints":{"allow":["GET"]}}],"collection":[{"href":"https:\/\/laspenasceuta.es\/index.php?rest_route=\/wp\/v2\/pages"}],"about":[{"href":"https:\/\/laspenasceuta.es\/index.php?rest_route=\/wp\/v2\/types\/page"}],"author":[{"embeddable":true,"href":"https:\/\/laspenasceuta.es\/index.php?rest_route=\/wp\/v2\/users\/2"}],"replies":[{"embeddable":true,"href":"https:\/\/laspenasceuta.es\/index.php?rest_route=%2Fwp%2Fv2%2Fcomments&post=341"}],"version-history":[{"count":15,"href":"https:\/\/laspenasceuta.es\/index.php?rest_route=\/wp\/v2\/pages\/341\/revisions"}],"predecessor-version":[{"id":543,"href":"https:\/\/laspenasceuta.es\/index.php?rest_route=\/wp\/v2\/pages\/341\/revisions\/543"}],"wp:attachment":[{"href":"https:\/\/laspenasceuta.es\/index.php?rest_route=%2Fwp%2Fv2%2Fmedia&parent=341"}],"curies":[{"name":"wp","href":"https:\/\/api.w.org\/{rel}","templated":true}]}}